{"id":396,"date":"2024-01-17T13:47:58","date_gmt":"2024-01-17T12:47:58","guid":{"rendered":"https:\/\/rifugiotorino.com\/il-rifugio\/"},"modified":"2024-06-13T09:03:23","modified_gmt":"2024-06-13T07:03:23","slug":"comment-sy-rendre","status":"publish","type":"page","link":"https:\/\/www.rifugiotorino.com\/fr\/comment-sy-rendre\/","title":{"rendered":"Comment s'y rendre"},"content":{"rendered":"<p>Le Rifugio Torino est accessible \u00e0 tout moment de l'ann\u00e9e et dans toutes les conditions m\u00e9t\u00e9orologiques gr\u00e2ce \u00e0 la Voie Rapide du Mont Blanc.<br \/>\nA quelques pas de la ville de Courmayeur et \u00e0 proximit\u00e9 imm\u00e9diate de la sortie de l'autoroute et du tunnel du Mont-Blanc, dans la zone du Pontal d'Entr\u00e8ves, se trouve le point de d\u00e9part du Skyway du Mont-Blanc.<br \/>\nL'aire est \u00e9quip\u00e9e de 300 places de parking payantes et d'un parking pour les autocars.<br \/>\n\u00c0 l'int\u00e9rieur de la station de Punta Helbronner, deux ascenseurs vous am\u00e8nent en quelques secondes au niveau du Rifugio Torino, auquel on acc\u00e8de par un tunnel plat de 150 m de long, enti\u00e8rement creus\u00e9 dans la montagne.<br \/>\n\u00c0 la sortie du tunnel, vous vous trouverez d\u00e9j\u00e0 sur notre terrasse, qui m\u00e8ne au bar et au restaurant.<br \/>\nL'entr\u00e9e pour les alpinistes se trouve sur l'ancienne terrasse, au rez-de-chauss\u00e9e de la cabane. De l\u00e0, vous avez un acc\u00e8s direct au s\u00e9choir, o\u00f9 vous devez laisser vos chaussures d'alpinisme avant de monter \u00e0 l'\u00e9tage de la r\u00e9ception et de la chambre.<\/p>\n","protected":false},"excerpt":{"rendered":"<p>Le Rifugio Torino est accessible \u00e0 tout moment de l'ann\u00e9e et dans toutes les conditions m\u00e9t\u00e9orologiques gr\u00e2ce \u00e0 la Voie Rapide du Mont Blanc. A quelques pas de la ville de Courmayeur et \u00e0 proximit\u00e9 imm\u00e9diate de la sortie de l'autoroute et du tunnel du Mont-Blanc, dans la zone du Pontal d'Entr\u00e8ves, se trouve le [&hellip;]<\/p>\n","protected":false},"author":1,"featured_media":0,"parent":0,"menu_order":24,"comment_status":"closed","ping_status":"closed","template":"","meta":{"_acf_changed":false,"footnotes":""},"class_list":["post-396","page","type-page","status-publish","hentry"],"acf":[],"_links":{"self":[{"href":"https:\/\/www.rifugiotorino.com\/fr\/wp-json\/wp\/v2\/pages\/396","targetHints":{"allow":["GET"]}}],"collection":[{"href":"https:\/\/www.rifugiotorino.com\/fr\/wp-json\/wp\/v2\/pages"}],"about":[{"href":"https:\/\/www.rifugiotorino.com\/fr\/wp-json\/wp\/v2\/types\/page"}],"author":[{"embeddable":true,"href":"https:\/\/www.rifugiotorino.com\/fr\/wp-json\/wp\/v2\/users\/1"}],"replies":[{"embeddable":true,"href":"https:\/\/www.rifugiotorino.com\/fr\/wp-json\/wp\/v2\/comments?post=396"}],"version-history":[{"count":2,"href":"https:\/\/www.rifugiotorino.com\/fr\/wp-json\/wp\/v2\/pages\/396\/revisions"}],"predecessor-version":[{"id":1290,"href":"https:\/\/www.rifugiotorino.com\/fr\/wp-json\/wp\/v2\/pages\/396\/revisions\/1290"}],"wp:attachment":[{"href":"https:\/\/www.rifugiotorino.com\/fr\/wp-json\/wp\/v2\/media?parent=396"}],"curies":[{"name":"wp","href":"https:\/\/api.w.org\/{rel}","templated":true}]}}